{"id":1800,"date":"2023-03-04T06:16:39","date_gmt":"2023-03-04T06:16:39","guid":{"rendered":"http:\/\/hellobabymiami.com\/es\/?page_id=1800"},"modified":"2023-04-27T17:36:03","modified_gmt":"2023-04-27T17:36:03","slug":"gender-dna-tests","status":"publish","type":"page","link":"https:\/\/hellobabymiami.com\/es\/gender-dna-tests\/","title":{"rendered":"Gender DNA Tests"},"content":{"rendered":"\t\t<div data-elementor-type=\"wp-page\" data-elementor-id=\"1800\" class=\"elementor elementor-1800\">\n\t\t\t\t\t\t<section class=\"elementor-section elementor-top-section elementor-element elementor-element-10339a7 elementor-section-full_width elementor-section-stretched elementor-section-height-default elementor-section-height-default\" data-id=\"10339a7\" data-element_type=\"section\" data-settings=\"{&quot;background_background&quot;:&quot;gradient&quot;,&quot;stretch_section&quot;:&quot;section-stretched&quot;}\">\n\t\t\t\t\t\t<div class=\"elementor-container elementor-column-gap-default\">\n\t\t\t\t\t<div class=\"elementor-column elementor-col-100 elementor-top-column elementor-element elementor-element-c0b0364\" data-id=\"c0b0364\" data-element_type=\"column\">\n\t\t\t<div class=\"elementor-widget-wrap elementor-element-populated\">\n\t\t\t\t\t\t<div class=\"elementor-element elementor-element-464f4d9 elementor-widget elementor-widget-heading\" data-id=\"464f4d9\" data-element_type=\"widget\" data-widget_type=\"heading.default\">\n\t\t\t\t<div class=\"elementor-widget-container\">\n\t\t\t\t\t<h1 class=\"elementor-heading-title elementor-size-default\">SNEAK PEEK PRUEBA DE ADN DE G\u00c9NERO<\/h1>\t\t\t\t<\/div>\n\t\t\t\t<\/div>\n\t\t\t\t\t<\/div>\n\t\t<\/div>\n\t\t\t\t\t<\/div>\n\t\t<\/section>\n\t\t\t\t<section class=\"elementor-section elementor-top-section elementor-element elementor-element-9fc45b6 elementor-section-stretched elementor-section-boxed elementor-section-height-default elementor-section-height-default\" data-id=\"9fc45b6\" data-element_type=\"section\" data-settings=\"{&quot;stretch_section&quot;:&quot;section-stretched&quot;}\">\n\t\t\t\t\t\t<div class=\"elementor-container elementor-column-gap-default\">\n\t\t\t\t\t<div class=\"elementor-column elementor-col-50 elementor-top-column elementor-element elementor-element-4c22bc5\" data-id=\"4c22bc5\" data-element_type=\"column\">\n\t\t\t<div class=\"elementor-widget-wrap elementor-element-populated\">\n\t\t\t\t\t\t<div class=\"elementor-element elementor-element-bfb036d elementor-widget elementor-widget-image\" data-id=\"bfb036d\" data-element_type=\"widget\" data-widget_type=\"image.default\">\n\t\t\t\t<div class=\"elementor-widget-container\">\n\t\t\t\t\t\t\t\t\t\t\t\t\t\t\t<img fetchpriority=\"high\" decoding=\"async\" width=\"1284\" height=\"1259\" src=\"https:\/\/hellobabymiami.com\/es\/wp-content\/uploads\/image21.jpeg\" class=\"attachment-full size-full wp-image-1998\" alt=\"\" srcset=\"https:\/\/hellobabymiami.com\/es\/wp-content\/uploads\/image21.jpeg 1284w, https:\/\/hellobabymiami.com\/es\/wp-content\/uploads\/image21-300x294.jpeg 300w, https:\/\/hellobabymiami.com\/es\/wp-content\/uploads\/image21-1024x1004.jpeg 1024w, https:\/\/hellobabymiami.com\/es\/wp-content\/uploads\/image21-768x753.jpeg 768w, https:\/\/hellobabymiami.com\/es\/wp-content\/uploads\/image21-500x490.jpeg 500w\" sizes=\"(max-width: 1284px) 100vw, 1284px\" \/>\t\t\t\t\t\t\t\t\t\t\t\t\t\t\t<\/div>\n\t\t\t\t<\/div>\n\t\t\t\t\t<\/div>\n\t\t<\/div>\n\t\t\t\t<div class=\"elementor-column elementor-col-50 elementor-top-column elementor-element elementor-element-2fbc734\" data-id=\"2fbc734\" data-element_type=\"column\">\n\t\t\t<div class=\"elementor-widget-wrap elementor-element-populated\">\n\t\t\t\t\t\t<div class=\"elementor-element elementor-element-bf828a1 elementor-widget elementor-widget-heading\" data-id=\"bf828a1\" data-element_type=\"widget\" data-widget_type=\"heading.default\">\n\t\t\t\t<div class=\"elementor-widget-container\">\n\t\t\t\t\t<h2 class=\"elementor-heading-title elementor-size-default\">\u00a1Descubre el sexo de tu beb\u00e9 a las 6 semanas! Sede de revelaci\u00f3n de g\u00e9nero de Miami<\/h2>\t\t\t\t<\/div>\n\t\t\t\t<\/div>\n\t\t\t\t<div class=\"elementor-element elementor-element-db97da6 elementor-widget elementor-widget-text-editor\" data-id=\"db97da6\" data-element_type=\"widget\" data-widget_type=\"text-editor.default\">\n\t\t\t\t<div class=\"elementor-widget-container\">\n\t\t\t\t\t\t\t\t\t<p>\u00a1Hola beb\u00e9! Ultrasound es un sitio cl\u00ednico para la prueba de ADN de g\u00e9nero SneakPeek. Este es el \u00fanico an\u00e1lisis de sangre con una precisi\u00f3n del 99% disponible sin receta m\u00e9dica que le permite saber el sexo de su beb\u00e9 desde las 6 semanas de embarazo. Ofrecemos citas para an\u00e1lisis de sangre los 6 d\u00edas de la semana en nuestro estudio de Kendall o en su hogar. Las citas por la noche y los fines de semana est\u00e1n disponibles para su conveniencia. Preg\u00fantanos sobre nuestros ca\u00f1ones y bolas de revelaci\u00f3n de g\u00e9nero EN STOCK en nuestro estudio. Env\u00edenos los resultados de g\u00e9nero de su beb\u00e9 y mantenga la gran sorpresa en secreto hasta su fiesta de revelaci\u00f3n de g\u00e9nero.<\/p>\n<p>Follow&nbsp;<a class=\"x-el x-el-a c1-1o c1-1p c1-ae c1-1r c1-1f c1-1s c1-1t c1-8b c1-b c1-af c1-1z c1-ag c1-ah\" href=\"https:\/\/sneakpeektest.com\/uk\/wp-content\/uploads\/2021\/08\/SneakPeek_Clinical_Study_August_6_2021.pdf\" target=\"_blank\" rel=\"noopener\">this link<\/a>&nbsp;for more information on the 7 week gender clinical study.<\/p>\n<p>For more information about SneakPeek, click here&nbsp;<a class=\"x-el x-el-a c1-1o c1-1p c1-ae c1-1r c1-1f c1-1s c1-1t c1-8b c1-b c1-af c1-1z c1-ag c1-ah\" href=\"http:\/\/www.sneakpeektest.com\/early-clinical-baby-gender-blood-test\" target=\"_blank\" rel=\"noopener\">http:\/\/www.sneakpeektest.com\/early-clinical-baby-gender-blood-test<\/a><\/p>\t\t\t\t\t\t\t\t<\/div>\n\t\t\t\t<\/div>\n\t\t\t\t<div class=\"elementor-element elementor-element-90e0f45 elementor-widget elementor-widget-button\" data-id=\"90e0f45\" data-element_type=\"widget\" data-widget_type=\"button.default\">\n\t\t\t\t<div class=\"elementor-widget-container\">\n\t\t\t\t\t\t\t\t\t<div class=\"elementor-button-wrapper\">\n\t\t\t\t\t<a class=\"elementor-button elementor-button-link elementor-size-sm\" href=\"https:\/\/elintsoftwares.com\/hellobaby\/appointments\/\">\n\t\t\t\t\t\t<span class=\"elementor-button-content-wrapper\">\n\t\t\t\t\t\t\t\t\t<span class=\"elementor-button-text\">Make Appointments<\/span>\n\t\t\t\t\t<\/span>\n\t\t\t\t\t<\/a>\n\t\t\t\t<\/div>\n\t\t\t\t\t\t\t\t<\/div>\n\t\t\t\t<\/div>\n\t\t\t\t\t<\/div>\n\t\t<\/div>\n\t\t\t\t\t<\/div>\n\t\t<\/section>\n\t\t\t\t<\/div>\n\t\t","protected":false},"excerpt":{"rendered":"<p>SNEAK PEEK PRUEBA DE ADN DE G\u00c9NERO \u00a1Descubre el sexo de tu beb\u00e9 a las 6 semanas! Sede de revelaci\u00f3n de g\u00e9nero de Miami \u00a1Hola beb\u00e9! Ultrasound es un sitio cl\u00ednico para la prueba de ADN de g\u00e9nero SneakPeek. Este es el \u00fanico an\u00e1lisis de sangre con una precisi\u00f3n del 99% disponible sin receta m\u00e9dica &hellip;<\/p>\n<p class=\"read-more\"> <a class=\"\" href=\"https:\/\/hellobabymiami.com\/es\/gender-dna-tests\/\"> <span class=\"screen-reader-text\">Gender DNA Tests<\/span> Read More &raquo;<\/a><\/p>\n","protected":false},"author":1,"featured_media":0,"parent":0,"menu_order":0,"comment_status":"closed","ping_status":"closed","template":"elementor_header_footer","meta":{"site-sidebar-layout":"default","site-content-layout":"default","ast-global-header-display":"","ast-banner-title-visibility":"","ast-main-header-display":"","ast-hfb-above-header-display":"","ast-hfb-below-header-display":"","ast-hfb-mobile-header-display":"","site-post-title":"","ast-breadcrumbs-content":"","ast-featured-img":"","footer-sml-layout":"","theme-transparent-header-meta":"default","adv-header-id-meta":"","stick-header-meta":"","header-above-stick-meta":"","header-main-stick-meta":"","header-below-stick-meta":"","footnotes":""},"class_list":["post-1800","page","type-page","status-publish","hentry"],"_links":{"self":[{"href":"https:\/\/hellobabymiami.com\/es\/wp-json\/wp\/v2\/pages\/1800","targetHints":{"allow":["GET"]}}],"collection":[{"href":"https:\/\/hellobabymiami.com\/es\/wp-json\/wp\/v2\/pages"}],"about":[{"href":"https:\/\/hellobabymiami.com\/es\/wp-json\/wp\/v2\/types\/page"}],"author":[{"embeddable":true,"href":"https:\/\/hellobabymiami.com\/es\/wp-json\/wp\/v2\/users\/1"}],"replies":[{"embeddable":true,"href":"https:\/\/hellobabymiami.com\/es\/wp-json\/wp\/v2\/comments?post=1800"}],"version-history":[{"count":5,"href":"https:\/\/hellobabymiami.com\/es\/wp-json\/wp\/v2\/pages\/1800\/revisions"}],"predecessor-version":[{"id":2020,"href":"https:\/\/hellobabymiami.com\/es\/wp-json\/wp\/v2\/pages\/1800\/revisions\/2020"}],"wp:attachment":[{"href":"https:\/\/hellobabymiami.com\/es\/wp-json\/wp\/v2\/media?parent=1800"}],"curies":[{"name":"wp","href":"https:\/\/api.w.org\/{rel}","templated":true}]}}